{"id":608,"date":"2016-10-24T00:28:41","date_gmt":"2016-10-23T23:28:41","guid":{"rendered":"http:\/\/www.sector-sa.net\/beta\/?page_id=608"},"modified":"2019-01-03T18:52:06","modified_gmt":"2019-01-03T17:52:06","slug":"distinctions-et-agrements","status":"publish","type":"page","link":"https:\/\/www.sector-group.net\/en\/qui-sommes-nous\/distinctions-et-agrements\/","title":{"rendered":"Distinctions and Accreditations"},"content":{"rendered":"<div style=\"text-align:center;\">\n<img decoding=\"async\" src=\"https:\/\/www.sector-group.net\/wp-content\/uploads\/2015\/logos\/gefis.jpg\" style=\"max-width:250px;\" \/> <\/p>\n<h2>Groupement d\u2019Entreprises pour la Fiabilit\u00e9 et la S\u00e9curit\u00e9<\/h2>\n<p>SECTOR is a founding member of the Groupement d\u2019Entreprises pour la Fiabilit\u00e9 et la S\u00e9curit\u00e9 (Business Group for Reliability and Security). Other than defending and protecting the interests of its members in the field of RAMS engineering, the group promotes field practices that respect a unified business code of ethics. <\/p>\n<div style=\"clear:left;\"><\/div>\n<p><img decoding=\"async\" src=\"http:\/\/www.sector-group.net\/wp-content\/uploads\/2018\/03\/Afaq_9001_version2013.png\" style=\"max-width:200px;\" \/> <\/p>\n<h2>ISO 9001 Certification: 2015<\/h2>\n<div style=\"clear:left;\"><\/div>\n<p><img decoding=\"async\" src=\"https:\/\/www.sector-group.net\/wp-content\/uploads\/eoqa.jpg\" style=\"max-width:250px;\" \/> <\/p>\n<h2>EOQA Certification (Expert and Qualified Accredited Organization)<\/h2>\n<div style=\"clear:left;\"><\/div>\n<\/div>\n<p>&nbsp;<\/p>\n","protected":false},"excerpt":{"rendered":"<p>Groupement d\u2019Entreprises pour la Fiabilit\u00e9 et la S\u00e9curit\u00e9 SECTOR is a founding member of the Groupement d\u2019Entreprises pour la Fiabilit\u00e9 et la S\u00e9curit\u00e9 (Business Group for [&hellip;]<\/p>\n","protected":false},"author":1,"featured_media":0,"parent":484,"menu_order":0,"comment_status":"open","ping_status":"open","template":"","meta":{"_acf_changed":false,"footnotes":""},"class_list":["post-608","page","type-page","status-publish","hentry"],"acf":[],"_links":{"self":[{"href":"https:\/\/www.sector-group.net\/en\/wp-json\/wp\/v2\/pages\/608","targetHints":{"allow":["GET"]}}],"collection":[{"href":"https:\/\/www.sector-group.net\/en\/wp-json\/wp\/v2\/pages"}],"about":[{"href":"https:\/\/www.sector-group.net\/en\/wp-json\/wp\/v2\/types\/page"}],"author":[{"embeddable":true,"href":"https:\/\/www.sector-group.net\/en\/wp-json\/wp\/v2\/users\/1"}],"replies":[{"embeddable":true,"href":"https:\/\/www.sector-group.net\/en\/wp-json\/wp\/v2\/comments?post=608"}],"version-history":[{"count":22,"href":"https:\/\/www.sector-group.net\/en\/wp-json\/wp\/v2\/pages\/608\/revisions"}],"predecessor-version":[{"id":1175,"href":"https:\/\/www.sector-group.net\/en\/wp-json\/wp\/v2\/pages\/608\/revisions\/1175"}],"up":[{"embeddable":true,"href":"https:\/\/www.sector-group.net\/en\/wp-json\/wp\/v2\/pages\/484"}],"wp:attachment":[{"href":"https:\/\/www.sector-group.net\/en\/wp-json\/wp\/v2\/media?parent=608"}],"curies":[{"name":"wp","href":"https:\/\/api.w.org\/{rel}","templated":true}]}}